{"id":8,"date":"2025-11-16T15:42:04","date_gmt":"2025-11-16T14:42:04","guid":{"rendered":"https:\/\/ffcmg.de\/wordpress\/?page_id=8"},"modified":"2026-02-19T16:19:36","modified_gmt":"2026-02-19T15:19:36","slug":"willkommen","status":"publish","type":"page","link":"https:\/\/ffcmg.de\/","title":{"rendered":"Willkommen"},"content":{"rendered":"\n<figure class=\"wp-block-image aligncenter size-full\"><img loading=\"lazy\" decoding=\"async\" width=\"517\" height=\"131\" src=\"https:\/\/ffcmg.de\/wp-content\/uploads\/2025\/11\/racebike_Logo.jpg\" alt=\"\" class=\"wp-image-11\" srcset=\"https:\/\/ffcmg.de\/wp-content\/uploads\/2025\/11\/racebike_Logo.jpg 517w, https:\/\/ffcmg.de\/wp-content\/uploads\/2025\/11\/racebike_Logo-300x76.jpg 300w\" sizes=\"auto, (max-width: 517px) 100vw, 517px\" \/><\/figure>\n\n\n\n<h1 class=\"wp-block-heading alignwide has-text-align-center\"><strong>Fisherman&#8217;s Friends Christliche Motorradgruppe<\/strong><\/h1>\n\n\n\n<figure class=\"wp-block-image size-large\"><img loading=\"lazy\" decoding=\"async\" width=\"1024\" height=\"576\" src=\"https:\/\/ffcmg.de\/wp-content\/uploads\/2025\/11\/Gruppenfoto-Selb-2025-1024x576.jpg\" alt=\"\" class=\"wp-image-12\" srcset=\"https:\/\/ffcmg.de\/wp-content\/uploads\/2025\/11\/Gruppenfoto-Selb-2025-1024x576.jpg 1024w, https:\/\/ffcmg.de\/wp-content\/uploads\/2025\/11\/Gruppenfoto-Selb-2025-300x169.jpg 300w, https:\/\/ffcmg.de\/wp-content\/uploads\/2025\/11\/Gruppenfoto-Selb-2025-768x432.jpg 768w, https:\/\/ffcmg.de\/wp-content\/uploads\/2025\/11\/Gruppenfoto-Selb-2025-1536x865.jpg 1536w, https:\/\/ffcmg.de\/wp-content\/uploads\/2025\/11\/Gruppenfoto-Selb-2025-2048x1153.jpg 2048w\" sizes=\"auto, (max-width: 1024px) 100vw, 1024px\" \/><figcaption class=\"wp-element-caption\">Gruppenfoto Selb\/Silberbach 2025<\/figcaption><\/figure>\n\n\n\n<p><\/p>\n\n\n\n<h3 class=\"wp-block-heading\">Wer sind wir?<\/h3>\n\n\n\n<p>Wir sind eine christliche Motorradgruppe, die ihre Leidenschaft f\u00fcrs Motorradfahren mit dem gemeinsamen Glauben an Jesus Christus verbindet. <\/p>\n\n\n\n<h3 class=\"wp-block-heading\">Was m\u00f6chten wir damit erreichen?<\/h3>\n\n\n\n<p>Wir m\u00f6chten w\u00e4hrend unserer j\u00e4hrlichen Treffen eine Gemeinschaft erleben, die von christlichen Werten gepr\u00e4gt und getragen ist. Das hei\u00dft, wir lachen, reden, weinen, schweigen wie andere Motorradfahrer auch. Und doch unterscheidet sich unser Miteinander von anderen Gruppen, da wir zusammen singen, beten, Andachten und Gottesdienste erleben und mitgestalten. Wir versuchen, die Vielfalt an Pers\u00f6nlichkeiten in der Gruppe auszuhalten, anzunehmen und lieben zu lernen. Akzeptanz und Respekt sind uns wichtig, genauso wie liebevoller Umgang mit unserem N\u00e4chsten. <\/p>\n\n\n\n<h3 class=\"wp-block-heading\">Du hast Interesse an unserem n\u00e4chsten Treffen teilzunehmen?<\/h3>\n\n\n\n<p><a href=\"https:\/\/docs.google.com\/forms\/d\/e\/1FAIpQLScwr0S_P46N7llL61tdGUKa1RfdH7aJmj6H_7-GBVyDiqhd7A\/viewform\" target=\"_blank\" rel=\"noreferrer noopener\">Anmeldung Pr\u00fcm\/Eifel<\/a> <br><br><a href=\"https:\/\/forms.gle\/v8mhGP5ze2q5WCAU9\" target=\"_blank\" rel=\"noreferrer noopener\">Anmeldung Netphen\/Siegerland<\/a>  <\/p>\n","protected":false},"excerpt":{"rendered":"<p>Fisherman&#8217;s Friends Christliche Motorradgruppe Wer sind wir? Wir sind eine christliche Motorradgruppe, die ihre Leidenschaft f\u00fcrs Motorradfahren mit dem gemeinsamen Glauben an Jesus Christus verbindet. Was m\u00f6chten wir damit erreichen? Wir m\u00f6chten w\u00e4hrend unserer j\u00e4hrlichen Treffen eine Gemeinschaft erleben, die von christlichen Werten gepr\u00e4gt und getragen ist. Das hei\u00dft, wir lachen, reden, weinen, schweigen wie [&hellip;]<\/p>\n","protected":false},"author":1,"featured_media":0,"parent":0,"menu_order":0,"comment_status":"closed","ping_status":"closed","template":"page-no-title","meta":{"footnotes":""},"class_list":["post-8","page","type-page","status-publish","hentry"],"_links":{"self":[{"href":"https:\/\/ffcmg.de\/index.php?rest_route=\/wp\/v2\/pages\/8","targetHints":{"allow":["GET"]}}],"collection":[{"href":"https:\/\/ffcmg.de\/index.php?rest_route=\/wp\/v2\/pages"}],"about":[{"href":"https:\/\/ffcmg.de\/index.php?rest_route=\/wp\/v2\/types\/page"}],"author":[{"embeddable":true,"href":"https:\/\/ffcmg.de\/index.php?rest_route=\/wp\/v2\/users\/1"}],"replies":[{"embeddable":true,"href":"https:\/\/ffcmg.de\/index.php?rest_route=%2Fwp%2Fv2%2Fcomments&post=8"}],"version-history":[{"count":14,"href":"https:\/\/ffcmg.de\/index.php?rest_route=\/wp\/v2\/pages\/8\/revisions"}],"predecessor-version":[{"id":156,"href":"https:\/\/ffcmg.de\/index.php?rest_route=\/wp\/v2\/pages\/8\/revisions\/156"}],"wp:attachment":[{"href":"https:\/\/ffcmg.de\/index.php?rest_route=%2Fwp%2Fv2%2Fmedia&parent=8"}],"curies":[{"name":"wp","href":"https:\/\/api.w.org\/{rel}","templated":true}]}}