{"id":36,"date":"2025-11-17T09:06:12","date_gmt":"2025-11-17T08:06:12","guid":{"rendered":"https:\/\/ffcmg.de\/wordpress\/?page_id=36"},"modified":"2026-02-19T16:42:57","modified_gmt":"2026-02-19T15:42:57","slug":"neues","status":"publish","type":"page","link":"https:\/\/ffcmg.de\/?page_id=36","title":{"rendered":"Neues"},"content":{"rendered":"\n<p><strong>Termine 2026<\/strong><\/p>\n\n\n\n<p><strong>12.05. bis 18.05.2026 in Pr\u00fcm\/Eifel <\/strong><br>(\u00dcbernachtung in der Eifel-Jugendherberge)<br>Du m\u00f6chtest mitfahren? <a href=\"https:\/\/docs.google.com\/forms\/d\/e\/1FAIpQLScwr0S_P46N7llL61tdGUKa1RfdH7aJmj6H_7-GBVyDiqhd7A\/viewform\" target=\"_blank\" rel=\"noreferrer noopener\">Melde dich hier an!<\/a><\/p>\n\n\n\n<p><strong>28.08 bis 31.08 Nachtreffen in Netphen-Deuz im Siegerland<\/strong><br>(\u00dcbernachtung im Hotel F\u00fcnf10 in Deuz)<br>Du m\u00f6chtest mitfahren? <a href=\"https:\/\/forms.gle\/v8mhGP5ze2q5WCAU9\">Melde dich her an!<\/a> <\/p>\n\n\n\n<p><\/p>\n\n\n\n<p><strong>Infos<\/strong> <\/p>\n\n\n\n<p>Die Webseite ist aktuell in Bearbeitung.<br>Wir bitte, Funktionsfehler zu entschuldigen.<\/p>\n\n\n\n<p><\/p>\n\n\n\n<p><strong>Pl\u00e4ne<\/strong><\/p>\n\n\n\n<p>04.05 bis 10.05.2027 in Baiersbronn\/Schwarzwald<br>(\u00dcbernachtung im Hotel Rechtmurg) <\/p>\n\n\n\n<p><\/p>\n","protected":false},"excerpt":{"rendered":"<p>Termine 2026 12.05. bis 18.05.2026 in Pr\u00fcm\/Eifel (\u00dcbernachtung in der Eifel-Jugendherberge)Du m\u00f6chtest mitfahren? Melde dich hier an! 28.08 bis 31.08 Nachtreffen in Netphen-Deuz im Siegerland(\u00dcbernachtung im Hotel F\u00fcnf10 in Deuz)Du m\u00f6chtest mitfahren? Melde dich her an! Infos Die Webseite ist aktuell in Bearbeitung.Wir bitte, Funktionsfehler zu entschuldigen. Pl\u00e4ne 04.05 bis 10.05.2027 in Baiersbronn\/Schwarzwald(\u00dcbernachtung im Hotel [&hellip;]<\/p>\n","protected":false},"author":1,"featured_media":0,"parent":8,"menu_order":0,"comment_status":"closed","ping_status":"closed","template":"","meta":{"footnotes":""},"class_list":["post-36","page","type-page","status-publish","hentry"],"_links":{"self":[{"href":"https:\/\/ffcmg.de\/index.php?rest_route=\/wp\/v2\/pages\/36","targetHints":{"allow":["GET"]}}],"collection":[{"href":"https:\/\/ffcmg.de\/index.php?rest_route=\/wp\/v2\/pages"}],"about":[{"href":"https:\/\/ffcmg.de\/index.php?rest_route=\/wp\/v2\/types\/page"}],"author":[{"embeddable":true,"href":"https:\/\/ffcmg.de\/index.php?rest_route=\/wp\/v2\/users\/1"}],"replies":[{"embeddable":true,"href":"https:\/\/ffcmg.de\/index.php?rest_route=%2Fwp%2Fv2%2Fcomments&post=36"}],"version-history":[{"count":9,"href":"https:\/\/ffcmg.de\/index.php?rest_route=\/wp\/v2\/pages\/36\/revisions"}],"predecessor-version":[{"id":158,"href":"https:\/\/ffcmg.de\/index.php?rest_route=\/wp\/v2\/pages\/36\/revisions\/158"}],"up":[{"embeddable":true,"href":"https:\/\/ffcmg.de\/index.php?rest_route=\/wp\/v2\/pages\/8"}],"wp:attachment":[{"href":"https:\/\/ffcmg.de\/index.php?rest_route=%2Fwp%2Fv2%2Fmedia&parent=36"}],"curies":[{"name":"wp","href":"https:\/\/api.w.org\/{rel}","templated":true}]}}